{"id":11508,"date":"2020-04-12T23:11:27","date_gmt":"2020-04-12T22:11:27","guid":{"rendered":"http:\/\/lojadasmudancas.com\/?page_id=11508"},"modified":"2020-05-15T21:22:22","modified_gmt":"2020-05-15T20:22:22","slug":"transportes-distribuicao","status":"publish","type":"page","link":"https:\/\/lojadasmudancas.com\/en\/transportes-distribuicao\/","title":{"rendered":"Transport \/ Distribution"},"content":{"rendered":"\t\t<div data-elementor-type=\"wp-post\" data-elementor-id=\"11508\" class=\"elementor elementor-11508\">\n\t\t\t\t\t\t<section class=\"elementor-section elementor-top-section elementor-element elementor-element-78168b2 elementor-section-height-min-height elementor-section-boxed elementor-section-height-default elementor-section-items-middle\" data-id=\"78168b2\" data-element_type=\"section\" data-settings=\"{&quot;background_background&quot;:&quot;classic&quot;}\">\n\t\t\t\t\t\t<div class=\"elementor-container elementor-column-gap-default\">\n\t\t\t\t\t<div class=\"elementor-column elementor-col-100 elementor-top-column elementor-element elementor-element-0b32be8\" data-id=\"0b32be8\" data-element_type=\"column\">\n\t\t\t<div class=\"elementor-widget-wrap elementor-element-populated\">\n\t\t\t\t\t\t<div class=\"elementor-element elementor-element-21d9fce elementor-widget elementor-widget-distance\" data-id=\"21d9fce\" data-element_type=\"widget\" data-widget_type=\"distance.default\">\n\t\t\t\t<div class=\"elementor-widget-container\">\n\t\t\t<div class=\"wn-distance\"><\/div>\t\t<\/div>\n\t\t\t\t<\/div>\n\t\t\t\t<div class=\"elementor-element elementor-element-187b1a0 elementor-widget elementor-widget-title_builder\" data-id=\"187b1a0\" data-element_type=\"widget\" data-widget_type=\"title_builder.default\">\n\t\t\t\t<div class=\"elementor-widget-container\">\n\t\t\t\r\n\t\t<div class=\"wn-deep-title-wrap wn-layer-anim-left wn-deep-title-wrap69fa17e96eecc  \"><div class=\"wn-deep-title\"><h2 class=\"  wn-deep-subtitle\">Transportes \/ <strong>Distribui\u00e7\u00e3o<\/strong><\/h2>\r\n\t\t<\/div><\/div>\t\t<\/div>\n\t\t\t\t<\/div>\n\t\t\t\t<div class=\"elementor-element elementor-element-526168b elementor-widget elementor-widget-distance\" data-id=\"526168b\" data-element_type=\"widget\" data-widget_type=\"distance.default\">\n\t\t\t\t<div class=\"elementor-widget-container\">\n\t\t\t<div class=\"wn-distance\"><\/div>\t\t<\/div>\n\t\t\t\t<\/div>\n\t\t\t\t\t<\/div>\n\t\t<\/div>\n\t\t\t\t\t<\/div>\n\t\t<\/section>\n\t\t\t\t<section class=\"wn-parallax wn-layer-anim-fade elementor-section elementor-top-section elementor-element elementor-element-90eaada animated-slow elementor-section-boxed elementor-section-height-default elementor-section-height-default elementor-invisible\" data-parallax-speed=\"225\" data-id=\"90eaada\" data-element_type=\"section\" data-settings=\"{&quot;animation&quot;:&quot;fadeIn&quot;,&quot;background_background&quot;:&quot;classic&quot;}\">\n\t\t\t\t\t\t\t<div class=\"elementor-background-overlay\"><\/div>\n\t\t\t\t\t\t\t<div class=\"elementor-container elementor-column-gap-default\">\n\t\t\t\t\t<div class=\"elementor-column elementor-col-100 elementor-top-column elementor-element elementor-element-50626a1\" data-id=\"50626a1\" data-element_type=\"column\" data-settings=\"{&quot;background_background&quot;:&quot;classic&quot;}\">\n\t\t\t<div class=\"elementor-widget-wrap elementor-element-populated\">\n\t\t\t\t\t<div class=\"elementor-background-overlay\"><\/div>\n\t\t\t\t\t\t<div class=\"elementor-element elementor-element-7f704b7 elementor-widget elementor-widget-distance\" data-id=\"7f704b7\" data-element_type=\"widget\" data-widget_type=\"distance.default\">\n\t\t\t\t<div class=\"elementor-widget-container\">\n\t\t\t<div class=\"wn-distance\"><\/div>\t\t<\/div>\n\t\t\t\t<\/div>\n\t\t\t\t<div class=\"elementor-element elementor-element-558f88f elementor-widget elementor-widget-title_builder\" data-id=\"558f88f\" data-element_type=\"widget\" data-widget_type=\"title_builder.default\">\n\t\t\t\t<div class=\"elementor-widget-container\">\n\t\t\t\r\n\t\t<div class=\"wn-deep-title-wrap wn-layer-anim-bottom wn-deep-title-wrap69fa17e96fdff  \"><div class=\"wn-deep-title\"><span class=\"wn-deep-title-shape elementor-repeater-item-979a9fd after\"><\/span><h6 class=\"  wn-deep-innertitle\">Loja das Mudan\u00e7as<\/h6><h2 class=\"  wn-deep-subtitle\">Multi-Service<\/h2>\r\n\t\t<\/div><\/div>\t\t<\/div>\n\t\t\t\t<\/div>\n\t\t\t\t<div class=\"elementor-element elementor-element-919bcd7 elementor-widget elementor-widget-distance\" data-id=\"919bcd7\" data-element_type=\"widget\" data-widget_type=\"distance.default\">\n\t\t\t\t<div class=\"elementor-widget-container\">\n\t\t\t<div class=\"wn-distance\"><\/div>\t\t<\/div>\n\t\t\t\t<\/div>\n\t\t\t\t\t<\/div>\n\t\t<\/div>\n\t\t\t\t\t<\/div>\n\t\t<\/section>\n\t\t<script>( function( $ ) {\r\n                    $( document ).ready( function() {\r\n                        $(\"section[class*=\\\"wn-parallax\\\"]\").each(function() {\r\n                            var parallax_speed = $(this).attr(\"data-parallax-speed\");\r\n                            if (typeof parallax_speed !== typeof undefined && parallax_speed !== false ) {\r\n                                $(this).prepend(\"<div class=\\\"wn-parallax-bg-holder\\\" data-wnparallax-speed=\\\"\" + parallax_speed + \"\\\"><div class=\\\"wn-parallax-bg\\\"><\/div><\/div>\");\r\n                                $(this).removeAttr( \"data-parallax-speed\" );\r\n                            }\r\n                        });\r\n                    }); \/\/ end document ready\r\n                })( jQuery );<\/script>\t\t<section class=\"elementor-section elementor-top-section elementor-element elementor-element-1631dd08 elementor-section-boxed elementor-section-height-default elementor-section-height-default\" data-id=\"1631dd08\" data-element_type=\"section\" data-settings=\"{&quot;background_background&quot;:&quot;classic&quot;,&quot;shape_divider_top&quot;:&quot;mountains&quot;,&quot;shape_divider_bottom&quot;:&quot;opacity-tilt&quot;}\">\n\t\t\t\t\t<div class=\"elementor-shape elementor-shape-top\" data-negative=\"false\">\n\t\t\t<svg xmlns=\"http:\/\/www.w3.org\/2000\/svg\" viewBox=\"0 0 1000 100\" preserveAspectRatio=\"none\">\n\t<path class=\"elementor-shape-fill\" opacity=\"0.33\" d=\"M473,67.3c-203.9,88.3-263.1-34-320.3,0C66,119.1,0,59.7,0,59.7V0h1000v59.7 c0,0-62.1,26.1-94.9,29.3c-32.8,3.3-62.8-12.3-75.8-22.1C806,49.6,745.3,8.7,694.9,4.7S492.4,59,473,67.3z\"\/>\n\t<path class=\"elementor-shape-fill\" opacity=\"0.66\" d=\"M734,67.3c-45.5,0-77.2-23.2-129.1-39.1c-28.6-8.7-150.3-10.1-254,39.1 s-91.7-34.4-149.2,0C115.7,118.3,0,39.8,0,39.8V0h1000v36.5c0,0-28.2-18.5-92.1-18.5C810.2,18.1,775.7,67.3,734,67.3z\"\/>\n\t<path class=\"elementor-shape-fill\" d=\"M766.1,28.9c-200-57.5-266,65.5-395.1,19.5C242,1.8,242,5.4,184.8,20.6C128,35.8,132.3,44.9,89.9,52.5C28.6,63.7,0,0,0,0 h1000c0,0-9.9,40.9-83.6,48.1S829.6,47,766.1,28.9z\"\/>\n<\/svg>\t\t<\/div>\n\t\t\t\t<div class=\"elementor-shape elementor-shape-bottom\" data-negative=\"false\">\n\t\t\t<svg xmlns=\"http:\/\/www.w3.org\/2000\/svg\" viewBox=\"0 0 2600 131.1\" preserveAspectRatio=\"none\">\n\t<path class=\"elementor-shape-fill\" d=\"M0 0L2600 0 2600 69.1 0 0z\"\/>\n\t<path class=\"elementor-shape-fill\" style=\"opacity:0.5\" d=\"M0 0L2600 0 2600 69.1 0 69.1z\"\/>\n\t<path class=\"elementor-shape-fill\" style=\"opacity:0.25\" d=\"M2600 0L0 0 0 130.1 2600 69.1z\"\/>\n<\/svg>\t\t<\/div>\n\t\t\t\t\t<div class=\"elementor-container elementor-column-gap-default\">\n\t\t\t\t\t<div class=\"elementor-column elementor-col-100 elementor-top-column elementor-element elementor-element-52e3cc0\" data-id=\"52e3cc0\" data-element_type=\"column\">\n\t\t\t<div class=\"elementor-widget-wrap elementor-element-populated\">\n\t\t\t\t\t\t<div class=\"elementor-element elementor-element-4265145f elementor-widget elementor-widget-spacer\" data-id=\"4265145f\" data-element_type=\"widget\" data-widget_type=\"spacer.default\">\n\t\t\t\t<div class=\"elementor-widget-container\">\n\t\t\t\t\t<div class=\"elementor-spacer\">\n\t\t\t<div class=\"elementor-spacer-inner\"><\/div>\n\t\t<\/div>\n\t\t\t\t<\/div>\n\t\t\t\t<\/div>\n\t\t\t\t<div class=\"elementor-element elementor-element-ca2b868 animated-fast elementor-invisible elementor-widget elementor-widget-heading\" data-id=\"ca2b868\" data-element_type=\"widget\" data-settings=\"{&quot;_animation&quot;:&quot;fadeInUp&quot;,&quot;_animation_delay&quot;:400}\" data-widget_type=\"heading.default\">\n\t\t\t\t<div class=\"elementor-widget-container\">\n\t\t\t<h2 class=\"elementor-heading-title elementor-size-default\">Distribui\u00e7\u00e3o e Entrega na Hora<\/h2>\t\t<\/div>\n\t\t\t\t<\/div>\n\t\t\t\t<div class=\"elementor-element elementor-element-4f734f3 animated-fast elementor-invisible elementor-widget elementor-widget-heading\" data-id=\"4f734f3\" data-element_type=\"widget\" data-settings=\"{&quot;_animation&quot;:&quot;fadeInUp&quot;,&quot;_animation_delay&quot;:400}\" data-widget_type=\"heading.default\">\n\t\t\t\t<div class=\"elementor-widget-container\">\n\t\t\t<h4 class=\"elementor-heading-title elementor-size-default\">na porta do seu cliente<\/h4>\t\t<\/div>\n\t\t\t\t<\/div>\n\t\t\t\t<div class=\"elementor-element elementor-element-72aabe9 elementor-widget elementor-widget-spacer\" data-id=\"72aabe9\" data-element_type=\"widget\" data-widget_type=\"spacer.default\">\n\t\t\t\t<div class=\"elementor-widget-container\">\n\t\t\t\t\t<div class=\"elementor-spacer\">\n\t\t\t<div class=\"elementor-spacer-inner\"><\/div>\n\t\t<\/div>\n\t\t\t\t<\/div>\n\t\t\t\t<\/div>\n\t\t\t\t<div class=\"elementor-element elementor-element-96cd66c elementor-invisible elementor-widget elementor-widget-text-editor\" data-id=\"96cd66c\" data-element_type=\"widget\" data-settings=\"{&quot;_animation&quot;:&quot;fadeInUp&quot;}\" data-widget_type=\"text-editor.default\">\n\t\t\t\t<div class=\"elementor-widget-container\">\n\t\t\t\t\t\t\t<p>&#8220;Em parceria com uma das maiores redes de distribui\u00e7\u00e3o internacional, a LOJA das MUDAN\u00c7AS tem capacidade de entregar qualquer tipo de mercadoria em 24 Horas em todo o territ\u00f3rio nacional, e 48 Horas em toda a Europa. Aliada a isso e gra\u00e7as a uma frota ligeira de qualidade, a LOJA das MUDAN\u00c7AS \u00e9 grande cumpridora de hor\u00e1rios!<\/p><p>Entre os nossos clientes deste servi\u00e7o espec\u00edfico encontramos grandes empresas como a <strong>Singer<\/strong> Electrodom\u00e9sticos, <strong>R\u00e1dio Popular<\/strong> Electrodom\u00e9sticos, <strong>Grupo Jer\u00f3nimo Martins<\/strong> S.A, <strong>TNT \u2013 Express Worldwide<\/strong>,<strong> DHL \u2013 Express<\/strong>, <strong>Grupo BretesCar<\/strong>, <strong>Electrolux<\/strong> (Sweeden Parts), que confiam na <strong>Loja das Mudan\u00e7as<\/strong> para fazer a entrega aos seus clientes.&#8221;<\/p>\t\t\t\t\t\t<\/div>\n\t\t\t\t<\/div>\n\t\t\t\t<div class=\"elementor-element elementor-element-131b8512 elementor-widget elementor-widget-spacer\" data-id=\"131b8512\" data-element_type=\"widget\" data-widget_type=\"spacer.default\">\n\t\t\t\t<div class=\"elementor-widget-container\">\n\t\t\t\t\t<div class=\"elementor-spacer\">\n\t\t\t<div class=\"elementor-spacer-inner\"><\/div>\n\t\t<\/div>\n\t\t\t\t<\/div>\n\t\t\t\t<\/div>\n\t\t\t\t\t<\/div>\n\t\t<\/div>\n\t\t\t\t\t<\/div>\n\t\t<\/section>\n\t\t\t\t<section class=\"elementor-section elementor-top-section elementor-element elementor-element-4837dd9 elementor-section-boxed elementor-section-height-default elementor-section-height-default\" data-id=\"4837dd9\" data-element_type=\"section\" data-settings=\"{&quot;background_background&quot;:&quot;classic&quot;,&quot;shape_divider_top&quot;:&quot;curve&quot;,&quot;shape_divider_top_negative&quot;:&quot;yes&quot;}\">\n\t\t\t\t\t<div class=\"elementor-shape elementor-shape-top\" data-negative=\"true\">\n\t\t\t<svg xmlns=\"http:\/\/www.w3.org\/2000\/svg\" viewBox=\"0 0 1000 100\" preserveAspectRatio=\"none\">\n\t<path class=\"elementor-shape-fill\" d=\"M500,97C126.7,96.3,0.8,19.8,0,0v100l1000,0V1C1000,19.4,873.3,97.8,500,97z\"\/>\n<\/svg>\t\t<\/div>\n\t\t\t\t\t<div class=\"elementor-container elementor-column-gap-default\">\n\t\t\t\t\t<div class=\"elementor-column elementor-col-100 elementor-top-column elementor-element elementor-element-c92d04e\" data-id=\"c92d04e\" data-element_type=\"column\">\n\t\t\t<div class=\"elementor-widget-wrap elementor-element-populated\">\n\t\t\t\t\t\t<section class=\"elementor-section elementor-inner-section elementor-element elementor-element-afd94d6 elementor-section-content-middle elementor-section-full_width elementor-section-height-default elementor-section-height-default\" data-id=\"afd94d6\" data-element_type=\"section\" data-settings=\"{&quot;background_background&quot;:&quot;classic&quot;}\">\n\t\t\t\t\t\t<div class=\"elementor-container elementor-column-gap-default\">\n\t\t\t\t\t<div class=\"elementor-column elementor-col-50 elementor-inner-column elementor-element elementor-element-a99eb92\" data-id=\"a99eb92\" data-element_type=\"column\">\n\t\t\t<div class=\"elementor-widget-wrap elementor-element-populated\">\n\t\t\t\t\t\t<div class=\"elementor-element elementor-element-b017ba3 elementor-invisible elementor-widget elementor-widget-image\" data-id=\"b017ba3\" data-element_type=\"widget\" data-settings=\"{&quot;_animation&quot;:&quot;fadeInUp&quot;}\" data-widget_type=\"image.default\">\n\t\t\t\t<div class=\"elementor-widget-container\">\n\t\t\t\t\t\t\t\t\t\t\t\t\t<img fetchpriority=\"high\" decoding=\"async\" width=\"640\" height=\"640\" src=\"https:\/\/lojadasmudancas.com\/wp-content\/uploads\/2015\/07\/tech-1024x1024.png\" class=\"attachment-large size-large wp-image-6257\" alt=\"\" srcset=\"https:\/\/lojadasmudancas.com\/wp-content\/uploads\/2015\/07\/tech-1024x1024.png 1024w, https:\/\/lojadasmudancas.com\/wp-content\/uploads\/2015\/07\/tech-300x300.png 300w, https:\/\/lojadasmudancas.com\/wp-content\/uploads\/2015\/07\/tech-150x150.png 150w, https:\/\/lojadasmudancas.com\/wp-content\/uploads\/2015\/07\/tech-1536x1536.png 1536w, https:\/\/lojadasmudancas.com\/wp-content\/uploads\/2015\/07\/tech-2048x2048.png 2048w, https:\/\/lojadasmudancas.com\/wp-content\/uploads\/2015\/07\/tech-20x20.png 20w, https:\/\/lojadasmudancas.com\/wp-content\/uploads\/2015\/07\/tech-200x200.png 200w\" sizes=\"(max-width: 640px) 100vw, 640px\" \/>\t\t\t\t\t\t\t\t\t\t\t\t\t<\/div>\n\t\t\t\t<\/div>\n\t\t\t\t\t<\/div>\n\t\t<\/div>\n\t\t\t\t<div class=\"elementor-column elementor-col-50 elementor-inner-column elementor-element elementor-element-e746fea\" data-id=\"e746fea\" data-element_type=\"column\">\n\t\t\t<div class=\"elementor-widget-wrap elementor-element-populated\">\n\t\t\t\t\t\t<div class=\"elementor-element elementor-element-b84cbee animated-fast elementor-invisible elementor-widget elementor-widget-iconbox\" data-id=\"b84cbee\" data-element_type=\"widget\" data-settings=\"{&quot;_animation&quot;:&quot;fadeIn&quot;}\" data-widget_type=\"iconbox.default\">\n\t\t\t\t<div class=\"elementor-widget-container\">\n\t\t\t<article class=\"wn-icon-box   icon-box1   \"  ><img decoding=\"async\" src=\"https:\/\/lojadasmudancas.com\/wp-content\/uploads\/2015\/07\/paperaero_w.png\" alt=\"Solu\u00e7\u00f5es Flexiveis\" \/><h4 class=\"title-style\">Solu\u00e7\u00f5es Flexiveis<\/h4><p class=\"content-style\">A Loja das Mudan\u00e7as \u00e9 uma empresa, cujas suas \u00e1reas de interven\u00e7\u00e3o s\u00e3o: Transportes, Mudan\u00e7as e Armazenamento<\/p><\/article>\t\t<\/div>\n\t\t\t\t<\/div>\n\t\t\t\t<div class=\"elementor-element elementor-element-18433ca elementor-widget elementor-widget-line\" data-id=\"18433ca\" data-element_type=\"widget\" data-widget_type=\"line.default\">\n\t\t\t\t<div class=\"elementor-widget-container\">\n\t\t\t<hr class=\"\"  >\t\t<\/div>\n\t\t\t\t<\/div>\n\t\t\t\t<div class=\"elementor-element elementor-element-140132c elementor-invisible elementor-widget elementor-widget-iconbox\" data-id=\"140132c\" data-element_type=\"widget\" data-settings=\"{&quot;_animation&quot;:&quot;fadeIn&quot;}\" data-widget_type=\"iconbox.default\">\n\t\t\t\t<div class=\"elementor-widget-container\">\n\t\t\t<article class=\"wn-icon-box   icon-box1   \"  ><img decoding=\"async\" src=\"https:\/\/lojadasmudancas.com\/wp-content\/uploads\/2014\/09\/Layer-4051.png\" alt=\"Atendimento Personalizado\" \/><h4 class=\"title-style\">Atendimento Personalizado<\/h4><p class=\"content-style\">Com presta\u00e7\u00e3o de servi\u00e7os empresarial e particular, dispomos de meios t\u00e9cnicos mais elevados para satisfazer as necessidades dos nossos clientes<\/p><\/article>\t\t<\/div>\n\t\t\t\t<\/div>\n\t\t\t\t<div class=\"elementor-element elementor-element-7f8911a elementor-widget elementor-widget-line\" data-id=\"7f8911a\" data-element_type=\"widget\" data-widget_type=\"line.default\">\n\t\t\t\t<div class=\"elementor-widget-container\">\n\t\t\t<hr class=\"\"  >\t\t<\/div>\n\t\t\t\t<\/div>\n\t\t\t\t<div class=\"elementor-element elementor-element-03f8619 animated-slow elementor-invisible elementor-widget elementor-widget-iconbox\" data-id=\"03f8619\" data-element_type=\"widget\" data-settings=\"{&quot;_animation&quot;:&quot;fadeIn&quot;}\" data-widget_type=\"iconbox.default\">\n\t\t\t\t<div class=\"elementor-widget-container\">\n\t\t\t<article class=\"wn-icon-box   icon-box1   \"  ><img decoding=\"async\" src=\"https:\/\/lojadasmudancas.com\/wp-content\/uploads\/2014\/04\/Layer-440.png\" alt=\"Mudan\u00e7as Internacionais\" \/><h4 class=\"title-style\">Mudan\u00e7as Internacionais<\/h4><p class=\"content-style\">Entregamos qualquer tipo de mercadoria em 24 Horas em todo o territ\u00f3rio nacional e 48 Horas em toda a Europa<\/p><\/article>\t\t<\/div>\n\t\t\t\t<\/div>\n\t\t\t\t\t<\/div>\n\t\t<\/div>\n\t\t\t\t\t<\/div>\n\t\t<\/section>\n\t\t\t\t\t<\/div>\n\t\t<\/div>\n\t\t\t\t\t<\/div>\n\t\t<\/section>\n\t\t\t\t<\/div>\n\t\t","protected":false},"excerpt":{"rendered":"<p>Transportes \/ Distribui\u00e7\u00e3o Loja das Mudan\u00e7as Multi-Service Distribui\u00e7\u00e3o e Entrega na Hora na porta do seu cliente &#8220;Em parceria com uma das maiores redes de distribui\u00e7\u00e3o internacional, a LOJA das MUDAN\u00c7AS tem capacidade de entregar qualquer tipo de mercadoria em 24 Horas em todo o territ\u00f3rio nacional, e 48 Horas em toda a Europa. Aliada a isso e gra\u00e7as a uma frota ligeira de qualidade, a LOJA das MUDAN\u00c7AS \u00e9 grande cumpridora de hor\u00e1rios! Entre os nossos clientes deste servi\u00e7o espec\u00edfico encontramos grandes empresas como a Singer Electrodom\u00e9sticos, R\u00e1dio Popular Electrodom\u00e9sticos, Grupo Jer\u00f3nimo Martins S.A, TNT \u2013 Express Worldwide, DHL \u2013 Express, Grupo BretesCar, Electrolux (Sweeden Parts), que confiam na Loja das Mudan\u00e7as para fazer a entrega aos seus clientes.&#8221; Solu\u00e7\u00f5es Flexiveis A Loja das Mudan\u00e7as \u00e9 uma empresa, cujas suas \u00e1reas de interven\u00e7\u00e3o s\u00e3o: Transportes, Mudan\u00e7as e Armazenamento Atendimento Personalizado Com presta\u00e7\u00e3o de servi\u00e7os empresarial e particular, dispomos de meios t\u00e9cnicos mais elevados para satisfazer as necessidades dos nossos clientes Mudan\u00e7as Internacionais Entregamos qualquer tipo de mercadoria em 24 Horas em todo o territ\u00f3rio nacional e 48 Horas em toda a Europa<\/p>","protected":false},"author":1,"featured_media":0,"parent":0,"menu_order":0,"comment_status":"closed","ping_status":"closed","template":"","meta":{"inline_featured_image":false,"footnotes":""},"class_list":["post-11508","page","type-page","status-publish","hentry"],"aioseo_notices":[],"_links":{"self":[{"href":"https:\/\/lojadasmudancas.com\/en\/wp-json\/wp\/v2\/pages\/11508","targetHints":{"allow":["GET"]}}],"collection":[{"href":"https:\/\/lojadasmudancas.com\/en\/wp-json\/wp\/v2\/pages"}],"about":[{"href":"https:\/\/lojadasmudancas.com\/en\/wp-json\/wp\/v2\/types\/page"}],"author":[{"embeddable":true,"href":"https:\/\/lojadasmudancas.com\/en\/wp-json\/wp\/v2\/users\/1"}],"replies":[{"embeddable":true,"href":"https:\/\/lojadasmudancas.com\/en\/wp-json\/wp\/v2\/comments?post=11508"}],"version-history":[{"count":0,"href":"https:\/\/lojadasmudancas.com\/en\/wp-json\/wp\/v2\/pages\/11508\/revisions"}],"wp:attachment":[{"href":"https:\/\/lojadasmudancas.com\/en\/wp-json\/wp\/v2\/media?parent=11508"}],"curies":[{"name":"wp","href":"https:\/\/api.w.org\/{rel}","templated":true}]}}