{"id":11504,"date":"2020-04-12T13:50:02","date_gmt":"2020-04-12T12:50:02","guid":{"rendered":"http:\/\/lojadasmudancas.com\/?page_id=11504"},"modified":"2020-05-13T00:09:45","modified_gmt":"2020-05-12T23:09:45","slug":"clientes","status":"publish","type":"page","link":"https:\/\/lojadasmudancas.com\/en\/clientes\/","title":{"rendered":"Clients"},"content":{"rendered":"<div data-elementor-type=\"wp-post\" data-elementor-id=\"11504\" class=\"elementor elementor-11504\">\n\t\t\t\t\t\t<section class=\"elementor-section elementor-top-section elementor-element elementor-element-78168b2 elementor-section-height-min-height elementor-section-boxed elementor-section-height-default elementor-section-items-middle\" data-id=\"78168b2\" data-element_type=\"section\" data-settings=\"{&quot;background_background&quot;:&quot;classic&quot;}\">\n\t\t\t\t\t\t<div class=\"elementor-container elementor-column-gap-default\">\n\t\t\t\t\t<div class=\"elementor-column elementor-col-100 elementor-top-column elementor-element elementor-element-0b32be8\" data-id=\"0b32be8\" data-element_type=\"column\">\n\t\t\t<div class=\"elementor-widget-wrap elementor-element-populated\">\n\t\t\t\t\t\t<div class=\"elementor-element elementor-element-21d9fce elementor-widget elementor-widget-distance\" data-id=\"21d9fce\" data-element_type=\"widget\" data-widget_type=\"distance.default\">\n\t\t\t\t<div class=\"elementor-widget-container\">\n\t\t\t<div class=\"wn-distance\"><\/div>\t\t<\/div>\n\t\t\t\t<\/div>\n\t\t\t\t<div class=\"elementor-element elementor-element-187b1a0 elementor-widget elementor-widget-title_builder\" data-id=\"187b1a0\" data-element_type=\"widget\" data-widget_type=\"title_builder.default\">\n\t\t\t\t<div class=\"elementor-widget-container\">\n\t\t\t\r\n\t\t<div class=\"wn-deep-title-wrap wn-layer-anim-left wn-deep-title-wrap69fa1754e01cf\"><div class=\"wn-deep-title\"><h2 class=\"wn-deep-subtitle\">Our <strong>Clients<\/strong><\/h2>\r\n\t\t<\/div><\/div>\t\t<\/div>\n\t\t\t\t<\/div>\n\t\t\t\t<div class=\"elementor-element elementor-element-526168b elementor-widget elementor-widget-distance\" data-id=\"526168b\" data-element_type=\"widget\" data-widget_type=\"distance.default\">\n\t\t\t\t<div class=\"elementor-widget-container\">\n\t\t\t<div class=\"wn-distance\"><\/div>\t\t<\/div>\n\t\t\t\t<\/div>\n\t\t\t\t\t<\/div>\n\t\t<\/div>\n\t\t\t\t\t<\/div>\n\t\t<\/section>\n\t\t\t\t<section class=\"elementor-section elementor-top-section elementor-element elementor-element-aeba27b animated-slow elementor-section-boxed elementor-section-height-default elementor-section-height-default elementor-invisible\" data-id=\"aeba27b\" data-element_type=\"section\" data-settings=\"{&quot;animation&quot;:&quot;fadeIn&quot;}\">\n\t\t\t\t\t\t<div class=\"elementor-container elementor-column-gap-default\">\n\t\t\t\t\t<div class=\"elementor-column elementor-col-100 elementor-top-column elementor-element elementor-element-6fcf97a\" data-id=\"6fcf97a\" data-element_type=\"column\">\n\t\t\t<div class=\"elementor-widget-wrap elementor-element-populated\">\n\t\t\t\t\t\t<div class=\"elementor-element elementor-element-fd54d2e elementor-widget elementor-widget-shortcode\" data-id=\"fd54d2e\" data-element_type=\"widget\" data-widget_type=\"shortcode.default\">\n\t\t\t\t<div class=\"elementor-widget-container\">\n\t\t\t\t\t<div class=\"elementor-shortcode\"><div class=\"lshowcase-clear-both\">&nbsp;<\/div><div class=\"lshowcase-logos\"><div class='lshowcase-flex' ><div  data-entry-id='6283' class='lshowcase-thumb lshowcase-grayscale-2 lshowcase-tooltip lshowcase-box-5'><div style=\"padding:5%;\" class=\"lshowcase-wrap-responsive\"><div data-entry-id=\"6283\" class=\"lshowcase-boxInner\"><a href='https:\/\/www.cm-cadaval.pt\/'  target='_blank'><img data-no-lazy='1' data-original-title='C\u00e2mara Municipal do Cadaval' data-entry-id='6283' src='https:\/\/lojadasmudancas.com\/wp-content\/uploads\/2015\/12\/brasao_cadaval-191x200.png'  width='191'  height = '200'  alt='' title='C\u00e2mara Municipal do Cadaval' class='lshowcase-thumb'   \/><\/a><\/div><\/div><\/div><div  data-entry-id='6306' class='lshowcase-thumb lshowcase-grayscale-2 lshowcase-tooltip lshowcase-box-5'><div style=\"padding:5%;\" class=\"lshowcase-wrap-responsive\"><div data-entry-id=\"6306\" class=\"lshowcase-boxInner\"><a href='https:\/\/www.tnt.com\/express\/pt_pt\/site\/home.html'  target='_blank'><img data-no-lazy='1' data-original-title='TNT Express' data-entry-id='6306' src='https:\/\/lojadasmudancas.com\/wp-content\/uploads\/2015\/12\/tnt_express_logo-200x153.jpg'  width='200'  height = '153'  alt='' title='TNT Express' class='lshowcase-thumb'   \/><\/a><\/div><\/div><\/div><div  data-entry-id='6301' class='lshowcase-thumb lshowcase-grayscale-2 lshowcase-tooltip lshowcase-box-5'><div style=\"padding:5%;\" class=\"lshowcase-wrap-responsive\"><div data-entry-id=\"6301\" class=\"lshowcase-boxInner\"><img data-no-lazy='1' data-original-title='ISMAG' data-entry-id='6301' src='https:\/\/lojadasmudancas.com\/wp-content\/uploads\/2015\/12\/ismag_logo-b-188x200.jpg'  width='188'  height = '200'  alt='' title='ISMAG' class='lshowcase-thumb'  \/><\/div><\/div><\/div><div  data-entry-id='6299' class='lshowcase-thumb lshowcase-grayscale-2 lshowcase-tooltip lshowcase-box-5'><div style=\"padding:5%;\" class=\"lshowcase-wrap-responsive\"><div data-entry-id=\"6299\" class=\"lshowcase-boxInner\"><a href='https:\/\/www.ipleiria.pt\/'  target='_blank'><img data-no-lazy='1' data-original-title='Instituto Polit\u00e9cnico de Leiria' data-entry-id='6299' src='https:\/\/lojadasmudancas.com\/wp-content\/uploads\/2015\/12\/LOGOIPL-200x185.png'  width='200'  height = '185'  alt='' title='Instituto Polit\u00e9cnico de Leiria' class='lshowcase-thumb'   \/><\/a><\/div><\/div><\/div><div  data-entry-id='6297' class='lshowcase-thumb lshowcase-grayscale-2 lshowcase-tooltip lshowcase-box-5'><div style=\"padding:5%;\" class=\"lshowcase-wrap-responsive\"><div data-entry-id=\"6297\" class=\"lshowcase-boxInner\"><img data-no-lazy='1' data-original-title='Westin Hotels &#038; Resort' data-entry-id='6297' src='https:\/\/lojadasmudancas.com\/wp-content\/uploads\/2015\/12\/westin_logo-200x143.png'  width='200'  height = '143'  alt='' title='Westin Hotels &#038; Resort' class='lshowcase-thumb'  \/><\/div><\/div><\/div><div  data-entry-id='6296' class='lshowcase-thumb lshowcase-grayscale-2 lshowcase-tooltip lshowcase-box-5'><div style=\"padding:5%;\" class=\"lshowcase-wrap-responsive\"><div data-entry-id=\"6296\" class=\"lshowcase-boxInner\"><a href='https:\/\/www.valouro.pt\/'  target='_blank'><img data-no-lazy='1' data-original-title='Ra\u00e7\u00f5es Valouro S.A.' data-entry-id='6296' src='https:\/\/lojadasmudancas.com\/wp-content\/uploads\/2015\/12\/Valouro-e1450060569184.jpg'  width='174'  height = '84'  alt='' title='Ra\u00e7\u00f5es Valouro S.A.' class='lshowcase-thumb'   \/><\/a><\/div><\/div><\/div><div  data-entry-id='6294' class='lshowcase-thumb lshowcase-grayscale-2 lshowcase-tooltip lshowcase-box-5'><div style=\"padding:5%;\" class=\"lshowcase-wrap-responsive\"><div data-entry-id=\"6294\" class=\"lshowcase-boxInner\"><a href='https:\/\/www.veigas.eu\/'  target='_blank'><img data-no-lazy='1' data-original-title='Veigas Imobili\u00e1ria' data-entry-id='6294' src='https:\/\/lojadasmudancas.com\/wp-content\/uploads\/2015\/12\/veigas_logo-200x150.jpg'  width='200'  height = '150'  alt='' title='Veigas Imobili\u00e1ria' class='lshowcase-thumb'   \/><\/a><\/div><\/div><\/div><div  data-entry-id='6292' class='lshowcase-thumb lshowcase-grayscale-2 lshowcase-tooltip lshowcase-box-5'><div style=\"padding:5%;\" class=\"lshowcase-wrap-responsive\"><div data-entry-id=\"6292\" class=\"lshowcase-boxInner\"><a href='https:\/\/www.dhl.pt\/'  target='_blank'><img data-no-lazy='1' data-original-title='DHl Express' data-entry-id='6292' src='https:\/\/lojadasmudancas.com\/wp-content\/uploads\/2015\/12\/567px-DHL_Express_logo.svg_-200x62.png'  width='200'  height = '62'  alt='' title='DHl Express' class='lshowcase-thumb'   \/><\/a><\/div><\/div><\/div><div  data-entry-id='6291' class='lshowcase-thumb lshowcase-grayscale-2 lshowcase-tooltip lshowcase-box-5'><div style=\"padding:5%;\" class=\"lshowcase-wrap-responsive\"><div data-entry-id=\"6291\" class=\"lshowcase-boxInner\"><a href='http:\/\/www.radiopopular.pt\/'  target='_blank'><img data-no-lazy='1' data-original-title='Radio Popular' data-entry-id='6291' src='https:\/\/lojadasmudancas.com\/wp-content\/uploads\/2015\/12\/039f9-e1450058182225-200x85.png'  width='200'  height = '85'  alt='' title='Radio Popular' class='lshowcase-thumb'   \/><\/a><\/div><\/div><\/div><div  data-entry-id='6289' class='lshowcase-thumb lshowcase-grayscale-2 lshowcase-tooltip lshowcase-box-5'><div style=\"padding:5%;\" class=\"lshowcase-wrap-responsive\"><div data-entry-id=\"6289\" class=\"lshowcase-boxInner\"><a href='https:\/\/www.cm-lourinha.pt\/'  target='_blank'><img data-no-lazy='1' data-original-title='C\u00e2mara Municipal da Lourinh\u00e3' data-entry-id='6289' src='https:\/\/lojadasmudancas.com\/wp-content\/uploads\/2015\/12\/e5b4f0.logo_lourinha-191x200.png'  width='191'  height = '200'  alt='' title='C\u00e2mara Municipal da Lourinh\u00e3' class='lshowcase-thumb'   \/><\/a><\/div><\/div><\/div><div  data-entry-id='6287' class='lshowcase-thumb lshowcase-grayscale-2 lshowcase-tooltip lshowcase-box-5'><div style=\"padding:5%;\" class=\"lshowcase-wrap-responsive\"><div data-entry-id=\"6287\" class=\"lshowcase-boxInner\"><a href='https:\/\/www.cm-tvedras.pt\/'  target='_blank'><img data-no-lazy='1' data-original-title='C\u00e2mara Municipal de Torres Vedras' data-entry-id='6287' src='https:\/\/lojadasmudancas.com\/wp-content\/uploads\/2015\/12\/camara-municipal-de-torres-vedras-200x181.jpg'  width='200'  height = '181'  alt='' title='C\u00e2mara Municipal de Torres Vedras' class='lshowcase-thumb'   \/><\/a><\/div><\/div><\/div><div  data-entry-id='6285' class='lshowcase-thumb lshowcase-grayscale-2 lshowcase-tooltip lshowcase-box-5'><div style=\"padding:5%;\" class=\"lshowcase-wrap-responsive\"><div data-entry-id=\"6285\" class=\"lshowcase-boxInner\"><a href='https:\/\/www.cm-peniche.pt\/'  target='_blank'><img data-no-lazy='1' data-original-title='C\u00e2mara Municipal de Peniche' data-entry-id='6285' src='https:\/\/lojadasmudancas.com\/wp-content\/uploads\/2015\/12\/logo_peniche-191x200.png'  width='191'  height = '200'  alt='' title='C\u00e2mara Municipal de Peniche' class='lshowcase-thumb'   \/><\/a><\/div><\/div><\/div><div  data-entry-id='6265' class='lshowcase-thumb lshowcase-grayscale-2 lshowcase-tooltip lshowcase-box-5'><div style=\"padding:5%;\" class=\"lshowcase-wrap-responsive\"><div data-entry-id=\"6265\" class=\"lshowcase-boxInner\"><a href='https:\/\/www.jeronimomartins.com'  target='_blank'><img data-no-lazy='1' data-original-title='Grupo Jer\u00f3nimo Martins S.A' data-entry-id='6265' src='https:\/\/lojadasmudancas.com\/wp-content\/uploads\/2015\/12\/2000px-Jeronimo_Martins_Logo.svg_-200x44.png'  width='200'  height = '44'  alt='' title='Grupo Jer\u00f3nimo Martins S.A' class='lshowcase-thumb'   \/><\/a><\/div><\/div><\/div><div  data-entry-id='6280' class='lshowcase-thumb lshowcase-grayscale-2 lshowcase-tooltip lshowcase-box-5'><div style=\"padding:5%;\" class=\"lshowcase-wrap-responsive\"><div data-entry-id=\"6280\" class=\"lshowcase-boxInner\"><a href='http:\/\/www.cm-bombarral.pt\/'  target='_blank'><img data-no-lazy='1' data-original-title='C\u00e2mara Municipal do Bombarral' data-entry-id='6280' src='https:\/\/lojadasmudancas.com\/wp-content\/uploads\/2015\/12\/Braz\u00e3oCores_site-191x200.jpg'  width='191'  height = '200'  alt='' title='C\u00e2mara Municipal do Bombarral' class='lshowcase-thumb'   \/><\/a><\/div><\/div><\/div><div  data-entry-id='6279' class='lshowcase-thumb lshowcase-grayscale-2 lshowcase-tooltip lshowcase-box-5'><div style=\"padding:5%;\" class=\"lshowcase-wrap-responsive\"><div data-entry-id=\"6279\" class=\"lshowcase-boxInner\"><a href='https:\/\/www.pingodoce.pt\/'  target='_blank'><img data-no-lazy='1' data-original-title='Pingo Doce' data-entry-id='6279' src='https:\/\/lojadasmudancas.com\/wp-content\/uploads\/2015\/07\/Pingo-Doce_logo-200x84.png'  width='200'  height = '84'  alt='' title='Pingo Doce' class='lshowcase-thumb'   \/><\/a><\/div><\/div><\/div><div  data-entry-id='6278' class='lshowcase-thumb lshowcase-grayscale-2 lshowcase-tooltip lshowcase-box-5'><div style=\"padding:5%;\" class=\"lshowcase-wrap-responsive\"><div data-entry-id=\"6278\" class=\"lshowcase-boxInner\"><a href='https:\/\/www.riberalvesimobiliaria.pt\/'  target='_blank'><img data-no-lazy='1' data-original-title='Riberalves Imobili\u00e1ria, Lda' data-entry-id='6278' src='https:\/\/lojadasmudancas.com\/wp-content\/uploads\/2015\/07\/parceiros_riberalvesimobiliaria_logo.png'  width='168'  height = '106'  alt='' title='Riberalves Imobili\u00e1ria, Lda' class='lshowcase-thumb'   \/><\/a><\/div><\/div><\/div><div  data-entry-id='6277' class='lshowcase-thumb lshowcase-grayscale-2 lshowcase-tooltip lshowcase-box-5'><div style=\"padding:5%;\" class=\"lshowcase-wrap-responsive\"><div data-entry-id=\"6277\" class=\"lshowcase-boxInner\"><a href='https:\/\/www.portugal.gov.pt\/'  target='_blank'><img data-no-lazy='1' data-original-title='Minist\u00e9rio dos Neg\u00f3cios Estrangeiros' data-entry-id='6277' src='https:\/\/lojadasmudancas.com\/wp-content\/uploads\/2014\/09\/ministerio-negocios-estrangeiros-660x330-e1450057641165.jpg'  width='198'  height = '106'  alt='' title='Minist\u00e9rio dos Neg\u00f3cios Estrangeiros' class='lshowcase-thumb'   \/><\/a><\/div><\/div><\/div><div  data-entry-id='6276' class='lshowcase-thumb lshowcase-grayscale-2 lshowcase-tooltip lshowcase-box-5'><div style=\"padding:5%;\" class=\"lshowcase-wrap-responsive\"><div data-entry-id=\"6276\" class=\"lshowcase-boxInner\"><a href='https:\/\/www.sg.mai.gov.pt\/'  target='_blank'><img data-no-lazy='1' data-original-title='Minist\u00e9rio da Administra\u00e7\u00e3o Interna' data-entry-id='6276' src='https:\/\/lojadasmudancas.com\/wp-content\/uploads\/2014\/09\/mai_1436437010-e1450057482559-200x102.jpg'  width='200'  height = '102'  alt='' title='Minist\u00e9rio da Administra\u00e7\u00e3o Interna' class='lshowcase-thumb'   \/><\/a><\/div><\/div><\/div><div  data-entry-id='6275' class='lshowcase-thumb lshowcase-grayscale-2 lshowcase-tooltip lshowcase-box-5'><div style=\"padding:5%;\" class=\"lshowcase-wrap-responsive\"><div data-entry-id=\"6275\" class=\"lshowcase-boxInner\"><a href='https:\/\/dgaj.justica.gov.pt\/'  target='_blank'><img data-no-lazy='1' data-original-title='Minist\u00e9rio da Justi\u00e7a' data-entry-id='6275' src='https:\/\/lojadasmudancas.com\/wp-content\/uploads\/2014\/09\/logo-ministerio-justi\u00e7a-e1450057242581-200x89.jpg'  width='200'  height = '89'  alt='' title='Minist\u00e9rio da Justi\u00e7a' class='lshowcase-thumb'   \/><\/a><\/div><\/div><\/div><div  data-entry-id='6272' class='lshowcase-thumb lshowcase-grayscale-2 lshowcase-tooltip lshowcase-box-5'><div style=\"padding:5%;\" class=\"lshowcase-wrap-responsive\"><div data-entry-id=\"6272\" class=\"lshowcase-boxInner\"><a href='https:\/\/www.telecom.pt\/'  target='_blank'><img data-no-lazy='1' data-original-title='Portugal Telecom' data-entry-id='6272' src='https:\/\/lojadasmudancas.com\/wp-content\/uploads\/2015\/12\/Logo-PT2-200x200.png'  width='200'  height = '200'  alt='' title='Portugal Telecom' class='lshowcase-thumb'   \/><\/a><\/div><\/div><\/div><div  data-entry-id='6270' class='lshowcase-thumb lshowcase-grayscale-2 lshowcase-tooltip lshowcase-box-5'><div style=\"padding:5%;\" class=\"lshowcase-wrap-responsive\"><div data-entry-id=\"6270\" class=\"lshowcase-boxInner\"><a href='https:\/\/www.remax.pt\/'  target='_blank'><img data-no-lazy='1' data-original-title='Remax' data-entry-id='6270' src='https:\/\/lojadasmudancas.com\/wp-content\/uploads\/2015\/12\/REMAX-200x57.png'  width='200'  height = '57'  alt='' title='Remax' class='lshowcase-thumb'   \/><\/a><\/div><\/div><\/div><div  data-entry-id='6268' class='lshowcase-thumb lshowcase-grayscale-2 lshowcase-tooltip lshowcase-box-5'><div style=\"padding:5%;\" class=\"lshowcase-wrap-responsive\"><div data-entry-id=\"6268\" class=\"lshowcase-boxInner\"><a href='https:\/\/www.lidl.pt\/'  target='_blank'><img data-no-lazy='1' data-original-title='Lidl Portugal' data-entry-id='6268' src='https:\/\/lojadasmudancas.com\/wp-content\/uploads\/2015\/07\/lidl_supermarkets_logo-200x80.png'  width='200'  height = '80'  alt='' title='Lidl Portugal' class='lshowcase-thumb'   \/><\/a><\/div><\/div><\/div><div  data-entry-id='6267' class='lshowcase-thumb lshowcase-grayscale-2 lshowcase-tooltip lshowcase-box-5'><div style=\"padding:5%;\" class=\"lshowcase-wrap-responsive\"><div data-entry-id=\"6267\" class=\"lshowcase-boxInner\"><a href='https:\/\/www.mcdonalds.pt\/'  target='_blank'><img data-no-lazy='1' data-original-title='MaCdonald&#8217;s' data-entry-id='6267' src='https:\/\/lojadasmudancas.com\/wp-content\/uploads\/2015\/07\/mcdonalds_logo.png'  width='149'  height = '106'  alt='' title='MaCdonald&#8217;s' class='lshowcase-thumb'   \/><\/a><\/div><\/div><\/div><div  data-entry-id='6266' class='lshowcase-thumb lshowcase-grayscale-2 lshowcase-tooltip lshowcase-box-5'><div style=\"padding:5%;\" class=\"lshowcase-wrap-responsive\"><div data-entry-id=\"6266\" class=\"lshowcase-boxInner\"><a href='https:\/\/www.dolcecamporeal.com\/'  target='_blank'><img data-no-lazy='1' data-original-title='Dolce Campo Real Lisboa' data-entry-id='6266' src='https:\/\/lojadasmudancas.com\/wp-content\/uploads\/2015\/07\/campo-real_logo.png'  width='150'  height = '106'  alt='' title='Dolce Campo Real Lisboa' class='lshowcase-thumb'   \/><\/a><\/div><\/div><\/div><\/div><\/div><div class=\"lshowcase-clear-both\">&nbsp;<\/div><\/div>\n\t\t\t\t<\/div>\n\t\t\t\t<\/div>\n\t\t\t\t\t<\/div>\n\t\t<\/div>\n\t\t\t\t\t<\/div>\n\t\t<\/section>\n\t\t\t\t<section class=\"elementor-section elementor-top-section elementor-element elementor-element-4837dd9 elementor-section-boxed elementor-section-height-default elementor-section-height-default\" data-id=\"4837dd9\" data-element_type=\"section\" data-settings=\"{&quot;background_background&quot;:&quot;classic&quot;,&quot;shape_divider_top&quot;:&quot;curve&quot;,&quot;shape_divider_top_negative&quot;:&quot;yes&quot;}\">\n\t\t\t\t\t<div class=\"elementor-shape elementor-shape-top\" data-negative=\"true\">\n\t\t\t<svg xmlns=\"http:\/\/www.w3.org\/2000\/svg\" viewbox=\"0 0 1000 100\" preserveaspectratio=\"none\">\n\t<path class=\"elementor-shape-fill\" d=\"M500,97C126.7,96.3,0.8,19.8,0,0v100l1000,0V1C1000,19.4,873.3,97.8,500,97z\"\/>\n<\/svg>\t\t<\/div>\n\t\t\t\t\t<div class=\"elementor-container elementor-column-gap-default\">\n\t\t\t\t\t<div class=\"elementor-column elementor-col-100 elementor-top-column elementor-element elementor-element-c92d04e\" data-id=\"c92d04e\" data-element_type=\"column\">\n\t\t\t<div class=\"elementor-widget-wrap elementor-element-populated\">\n\t\t\t\t\t\t<section class=\"elementor-section elementor-inner-section elementor-element elementor-element-9c81701 elementor-section-content-middle elementor-section-full_width elementor-section-height-default elementor-section-height-default\" data-id=\"9c81701\" data-element_type=\"section\" data-settings=\"{&quot;background_background&quot;:&quot;classic&quot;}\">\n\t\t\t\t\t\t<div class=\"elementor-container elementor-column-gap-default\">\n\t\t\t\t\t<div class=\"elementor-column elementor-col-50 elementor-inner-column elementor-element elementor-element-c92dabb\" data-id=\"c92dabb\" data-element_type=\"column\">\n\t\t\t<div class=\"elementor-widget-wrap elementor-element-populated\">\n\t\t\t\t\t\t<div class=\"elementor-element elementor-element-ca8c713 elementor-invisible elementor-widget elementor-widget-image\" data-id=\"ca8c713\" data-element_type=\"widget\" data-settings=\"{&quot;_animation&quot;:&quot;fadeInUp&quot;}\" data-widget_type=\"image.default\">\n\t\t\t\t<div class=\"elementor-widget-container\">\n\t\t\t\t\t\t\t\t\t\t\t\t\t<img fetchpriority=\"high\" decoding=\"async\" width=\"576\" height=\"649\" src=\"https:\/\/lojadasmudancas.com\/wp-content\/uploads\/2014\/04\/Path.png\" class=\"attachment-large size-large wp-image-5544\" alt=\"Loja das Mudan\u00e7as\" srcset=\"https:\/\/lojadasmudancas.com\/wp-content\/uploads\/2014\/04\/Path.png 576w, https:\/\/lojadasmudancas.com\/wp-content\/uploads\/2014\/04\/Path-266x300.png 266w, https:\/\/lojadasmudancas.com\/wp-content\/uploads\/2014\/04\/Path-18x20.png 18w, https:\/\/lojadasmudancas.com\/wp-content\/uploads\/2014\/04\/Path-178x200.png 178w\" sizes=\"(max-width: 576px) 100vw, 576px\" \/>\t\t\t\t\t\t\t\t\t\t\t\t\t<\/div>\n\t\t\t\t<\/div>\n\t\t\t\t\t<\/div>\n\t\t<\/div>\n\t\t\t\t<div class=\"elementor-column elementor-col-50 elementor-inner-column elementor-element elementor-element-912ed52\" data-id=\"912ed52\" data-element_type=\"column\">\n\t\t\t<div class=\"elementor-widget-wrap elementor-element-populated\">\n\t\t\t\t\t\t<div class=\"elementor-element elementor-element-2ee0a6e animated-slow elementor-invisible elementor-widget elementor-widget-iconbox\" data-id=\"2ee0a6e\" data-element_type=\"widget\" data-settings=\"{&quot;_animation&quot;:&quot;fadeIn&quot;}\" data-widget_type=\"iconbox.default\">\n\t\t\t\t<div class=\"elementor-widget-container\">\n\t\t\t<article class=\"wn-icon-box   icon-box1\"  ><img decoding=\"async\" src=\"https:\/\/lojadasmudancas.com\/wp-content\/uploads\/2015\/07\/paperaero_w.png\" alt=\"Solu\u00e7\u00f5es Flexiveis\" \/><h4 class=\"title-style\">Flexible Solutions<\/h4><p class=\"content-style\">Loja das Mudan\u00e7as is a company whose areas of intervention are: Transport, Removals and Storage<\/p><\/article>\t\t<\/div>\n\t\t\t\t<\/div>\n\t\t\t\t<div class=\"elementor-element elementor-element-02d2917 elementor-widget elementor-widget-line\" data-id=\"02d2917\" data-element_type=\"widget\" data-widget_type=\"line.default\">\n\t\t\t\t<div class=\"elementor-widget-container\">\n\t\t\t<hr class=\"\"  >\t\t<\/div>\n\t\t\t\t<\/div>\n\t\t\t\t<div class=\"elementor-element elementor-element-f2d903b elementor-invisible elementor-widget elementor-widget-iconbox\" data-id=\"f2d903b\" data-element_type=\"widget\" data-settings=\"{&quot;_animation&quot;:&quot;fadeIn&quot;}\" data-widget_type=\"iconbox.default\">\n\t\t\t\t<div class=\"elementor-widget-container\">\n\t\t\t<article class=\"wn-icon-box   icon-box1\"  ><img decoding=\"async\" src=\"https:\/\/lojadasmudancas.com\/wp-content\/uploads\/2014\/09\/Layer-4051.png\" alt=\"Atendimento Personalizado\" \/><h4 class=\"title-style\">Customized Service<\/h4><p class=\"content-style\">Providing business and private services, we have the highest technical means to satisfy the needs of our customers.<\/p><\/article>\t\t<\/div>\n\t\t\t\t<\/div>\n\t\t\t\t<div class=\"elementor-element elementor-element-d7e1aa4 elementor-widget elementor-widget-line\" data-id=\"d7e1aa4\" data-element_type=\"widget\" data-widget_type=\"line.default\">\n\t\t\t\t<div class=\"elementor-widget-container\">\n\t\t\t<hr class=\"\"  >\t\t<\/div>\n\t\t\t\t<\/div>\n\t\t\t\t<div class=\"elementor-element elementor-element-1a2dfa7 animated-fast elementor-invisible elementor-widget elementor-widget-iconbox\" data-id=\"1a2dfa7\" data-element_type=\"widget\" data-settings=\"{&quot;_animation&quot;:&quot;fadeIn&quot;}\" data-widget_type=\"iconbox.default\">\n\t\t\t\t<div class=\"elementor-widget-container\">\n\t\t\t<article class=\"wn-icon-box   icon-box1\"  ><img decoding=\"async\" src=\"https:\/\/lojadasmudancas.com\/wp-content\/uploads\/2014\/04\/Layer-440.png\" alt=\"Mudan\u00e7as Internacionais\" \/><h4 class=\"title-style\">International Removals<\/h4><p class=\"content-style\">We deliver any type of merchandise within 24 hours throughout national territory and 48 hours throughout Europe<\/p><\/article>\t\t<\/div>\n\t\t\t\t<\/div>\n\t\t\t\t\t<\/div>\n\t\t<\/div>\n\t\t\t\t\t<\/div>\n\t\t<\/section>\n\t\t\t\t\t<\/div>\n\t\t<\/div>\n\t\t\t\t\t<\/div>\n\t\t<\/section>\n\t\t\t\t<\/div>","protected":false},"excerpt":{"rendered":"<p>Os Nossos Clientes Solu\u00e7\u00f5es Flexiveis A Loja das Mudan\u00e7as \u00e9 uma empresa, cujas suas \u00e1reas de interven\u00e7\u00e3o s\u00e3o: Transportes, Mudan\u00e7as e Armazenamento Atendimento Personalizado Com presta\u00e7\u00e3o de servi\u00e7os empresarial e particular, dispomos de meios t\u00e9cnicos mais elevados para satisfazer as necessidades dos nossos clientes Mudan\u00e7as Internacionais Entregamos qualquer tipo de mercadoria em 24 Horas em todo o territ\u00f3rio nacional e 48 Horas em toda a Europa<\/p>","protected":false},"author":1,"featured_media":0,"parent":0,"menu_order":0,"comment_status":"closed","ping_status":"closed","template":"","meta":{"inline_featured_image":false,"footnotes":""},"class_list":["post-11504","page","type-page","status-publish","hentry"],"aioseo_notices":[],"_links":{"self":[{"href":"https:\/\/lojadasmudancas.com\/en\/wp-json\/wp\/v2\/pages\/11504","targetHints":{"allow":["GET"]}}],"collection":[{"href":"https:\/\/lojadasmudancas.com\/en\/wp-json\/wp\/v2\/pages"}],"about":[{"href":"https:\/\/lojadasmudancas.com\/en\/wp-json\/wp\/v2\/types\/page"}],"author":[{"embeddable":true,"href":"https:\/\/lojadasmudancas.com\/en\/wp-json\/wp\/v2\/users\/1"}],"replies":[{"embeddable":true,"href":"https:\/\/lojadasmudancas.com\/en\/wp-json\/wp\/v2\/comments?post=11504"}],"version-history":[{"count":0,"href":"https:\/\/lojadasmudancas.com\/en\/wp-json\/wp\/v2\/pages\/11504\/revisions"}],"wp:attachment":[{"href":"https:\/\/lojadasmudancas.com\/en\/wp-json\/wp\/v2\/media?parent=11504"}],"curies":[{"name":"wp","href":"https:\/\/api.w.org\/{rel}","templated":true}]}}