{"id":11168,"date":"2018-09-23T10:43:55","date_gmt":"2018-09-23T09:43:55","guid":{"rendered":"http:\/\/deeptem.com\/agency2free\/?page_id=11168"},"modified":"2020-09-04T00:57:27","modified_gmt":"2020-09-03T23:57:27","slug":"empresa","status":"publish","type":"page","link":"https:\/\/lojadasmudancas.com\/en\/empresa\/","title":{"rendered":"About Us"},"content":{"rendered":"\t\t<div data-elementor-type=\"wp-post\" data-elementor-id=\"11168\" class=\"elementor elementor-11168\">\n\t\t\t\t\t\t<section class=\"elementor-section elementor-top-section elementor-element elementor-element-c329f62 elementor-section-height-min-height elementor-section-boxed elementor-section-height-default elementor-section-items-middle\" data-id=\"c329f62\" data-element_type=\"section\" data-settings=\"{&quot;background_background&quot;:&quot;classic&quot;}\">\n\t\t\t\t\t\t<div class=\"elementor-container elementor-column-gap-default\">\n\t\t\t\t\t<div class=\"elementor-column elementor-col-100 elementor-top-column elementor-element elementor-element-9b47f12\" data-id=\"9b47f12\" data-element_type=\"column\">\n\t\t\t<div class=\"elementor-widget-wrap elementor-element-populated\">\n\t\t\t\t\t\t<div class=\"elementor-element elementor-element-1217ac9 elementor-widget elementor-widget-distance\" data-id=\"1217ac9\" data-element_type=\"widget\" data-widget_type=\"distance.default\">\n\t\t\t\t<div class=\"elementor-widget-container\">\n\t\t\t<div class=\"wn-distance\"><\/div>\t\t<\/div>\n\t\t\t\t<\/div>\n\t\t\t\t<div class=\"elementor-element elementor-element-02210b1 elementor-widget elementor-widget-title_builder\" data-id=\"02210b1\" data-element_type=\"widget\" data-widget_type=\"title_builder.default\">\n\t\t\t\t<div class=\"elementor-widget-container\">\n\t\t\t\r\n\t\t<div class=\"wn-deep-title-wrap wn-layer-anim-left wn-deep-title-wrap69fa1753bf3bc  \"><div class=\"wn-deep-title\"><h2 class=\"  wn-deep-subtitle\">Quem  <strong>Somos<\/strong><\/h2>\r\n\t\t<\/div><\/div>\t\t<\/div>\n\t\t\t\t<\/div>\n\t\t\t\t<div class=\"elementor-element elementor-element-928e3d0 elementor-widget elementor-widget-distance\" data-id=\"928e3d0\" data-element_type=\"widget\" data-widget_type=\"distance.default\">\n\t\t\t\t<div class=\"elementor-widget-container\">\n\t\t\t<div class=\"wn-distance\"><\/div>\t\t<\/div>\n\t\t\t\t<\/div>\n\t\t\t\t\t<\/div>\n\t\t<\/div>\n\t\t\t\t\t<\/div>\n\t\t<\/section>\n\t\t\t\t<section class=\"wn-parallax wn-layer-anim-fade elementor-section elementor-top-section elementor-element elementor-element-7a70188 animated-slow elementor-section-boxed elementor-section-height-default elementor-section-height-default elementor-invisible\" data-parallax-speed=\"225\" data-id=\"7a70188\" data-element_type=\"section\" data-settings=\"{&quot;animation&quot;:&quot;fadeIn&quot;,&quot;background_background&quot;:&quot;classic&quot;}\">\n\t\t\t\t\t\t\t<div class=\"elementor-background-overlay\"><\/div>\n\t\t\t\t\t\t\t<div class=\"elementor-container elementor-column-gap-default\">\n\t\t\t\t\t<div class=\"elementor-column elementor-col-100 elementor-top-column elementor-element elementor-element-eb6d835\" data-id=\"eb6d835\" data-element_type=\"column\" data-settings=\"{&quot;background_background&quot;:&quot;classic&quot;}\">\n\t\t\t<div class=\"elementor-widget-wrap elementor-element-populated\">\n\t\t\t\t\t<div class=\"elementor-background-overlay\"><\/div>\n\t\t\t\t\t\t<div class=\"elementor-element elementor-element-e4f5ece elementor-widget elementor-widget-distance\" data-id=\"e4f5ece\" data-element_type=\"widget\" data-widget_type=\"distance.default\">\n\t\t\t\t<div class=\"elementor-widget-container\">\n\t\t\t<div class=\"wn-distance\"><\/div>\t\t<\/div>\n\t\t\t\t<\/div>\n\t\t\t\t<div class=\"elementor-element elementor-element-3c0e586 elementor-widget elementor-widget-title_builder\" data-id=\"3c0e586\" data-element_type=\"widget\" data-widget_type=\"title_builder.default\">\n\t\t\t\t<div class=\"elementor-widget-container\">\n\t\t\t\r\n\t\t<div class=\"wn-deep-title-wrap wn-layer-anim-bottom wn-deep-title-wrap69fa1753cb4de  \"><div class=\"wn-deep-title\"><span class=\"wn-deep-title-shape elementor-repeater-item-979a9fd after\"><\/span><h6 class=\"  wn-deep-innertitle\">Loja das Mudan\u00e7as<\/h6><h2 class=\"  wn-deep-subtitle\">Multi-Service<\/h2>\r\n\t\t<\/div><\/div>\t\t<\/div>\n\t\t\t\t<\/div>\n\t\t\t\t<div class=\"elementor-element elementor-element-37fb23d elementor-widget elementor-widget-distance\" data-id=\"37fb23d\" data-element_type=\"widget\" data-widget_type=\"distance.default\">\n\t\t\t\t<div class=\"elementor-widget-container\">\n\t\t\t<div class=\"wn-distance\"><\/div>\t\t<\/div>\n\t\t\t\t<\/div>\n\t\t\t\t\t<\/div>\n\t\t<\/div>\n\t\t\t\t\t<\/div>\n\t\t<\/section>\n\t\t<script>( function( $ ) {\r\n                    $( document ).ready( function() {\r\n                        $(\"section[class*=\\\"wn-parallax\\\"]\").each(function() {\r\n                            var parallax_speed = $(this).attr(\"data-parallax-speed\");\r\n                            if (typeof parallax_speed !== typeof undefined && parallax_speed !== false ) {\r\n                                $(this).prepend(\"<div class=\\\"wn-parallax-bg-holder\\\" data-wnparallax-speed=\\\"\" + parallax_speed + \"\\\"><div class=\\\"wn-parallax-bg\\\"><\/div><\/div>\");\r\n                                $(this).removeAttr( \"data-parallax-speed\" );\r\n                            }\r\n                        });\r\n                    }); \/\/ end document ready\r\n                })( jQuery );<\/script>\t\t<section class=\"elementor-section elementor-top-section elementor-element elementor-element-1393994 elementor-section-boxed elementor-section-height-default elementor-section-height-default\" data-id=\"1393994\" data-element_type=\"section\" data-settings=\"{&quot;background_background&quot;:&quot;classic&quot;,&quot;shape_divider_top&quot;:&quot;mountains&quot;,&quot;shape_divider_bottom&quot;:&quot;opacity-tilt&quot;}\">\n\t\t\t\t\t<div class=\"elementor-shape elementor-shape-top\" data-negative=\"false\">\n\t\t\t<svg xmlns=\"http:\/\/www.w3.org\/2000\/svg\" viewBox=\"0 0 1000 100\" preserveAspectRatio=\"none\">\n\t<path class=\"elementor-shape-fill\" opacity=\"0.33\" d=\"M473,67.3c-203.9,88.3-263.1-34-320.3,0C66,119.1,0,59.7,0,59.7V0h1000v59.7 c0,0-62.1,26.1-94.9,29.3c-32.8,3.3-62.8-12.3-75.8-22.1C806,49.6,745.3,8.7,694.9,4.7S492.4,59,473,67.3z\"\/>\n\t<path class=\"elementor-shape-fill\" opacity=\"0.66\" d=\"M734,67.3c-45.5,0-77.2-23.2-129.1-39.1c-28.6-8.7-150.3-10.1-254,39.1 s-91.7-34.4-149.2,0C115.7,118.3,0,39.8,0,39.8V0h1000v36.5c0,0-28.2-18.5-92.1-18.5C810.2,18.1,775.7,67.3,734,67.3z\"\/>\n\t<path class=\"elementor-shape-fill\" d=\"M766.1,28.9c-200-57.5-266,65.5-395.1,19.5C242,1.8,242,5.4,184.8,20.6C128,35.8,132.3,44.9,89.9,52.5C28.6,63.7,0,0,0,0 h1000c0,0-9.9,40.9-83.6,48.1S829.6,47,766.1,28.9z\"\/>\n<\/svg>\t\t<\/div>\n\t\t\t\t<div class=\"elementor-shape elementor-shape-bottom\" data-negative=\"false\">\n\t\t\t<svg xmlns=\"http:\/\/www.w3.org\/2000\/svg\" viewBox=\"0 0 2600 131.1\" preserveAspectRatio=\"none\">\n\t<path class=\"elementor-shape-fill\" d=\"M0 0L2600 0 2600 69.1 0 0z\"\/>\n\t<path class=\"elementor-shape-fill\" style=\"opacity:0.5\" d=\"M0 0L2600 0 2600 69.1 0 69.1z\"\/>\n\t<path class=\"elementor-shape-fill\" style=\"opacity:0.25\" d=\"M2600 0L0 0 0 130.1 2600 69.1z\"\/>\n<\/svg>\t\t<\/div>\n\t\t\t\t\t<div class=\"elementor-container elementor-column-gap-default\">\n\t\t\t\t\t<div class=\"elementor-column elementor-col-100 elementor-top-column elementor-element elementor-element-49fc0a6\" data-id=\"49fc0a6\" data-element_type=\"column\">\n\t\t\t<div class=\"elementor-widget-wrap elementor-element-populated\">\n\t\t\t\t\t\t<div class=\"elementor-element elementor-element-5fec1e0 elementor-widget elementor-widget-spacer\" data-id=\"5fec1e0\" data-element_type=\"widget\" data-widget_type=\"spacer.default\">\n\t\t\t\t<div class=\"elementor-widget-container\">\n\t\t\t\t\t<div class=\"elementor-spacer\">\n\t\t\t<div class=\"elementor-spacer-inner\"><\/div>\n\t\t<\/div>\n\t\t\t\t<\/div>\n\t\t\t\t<\/div>\n\t\t\t\t<div class=\"elementor-element elementor-element-23e8486 animated-fast elementor-invisible elementor-widget elementor-widget-heading\" data-id=\"23e8486\" data-element_type=\"widget\" data-settings=\"{&quot;_animation&quot;:&quot;fadeInUp&quot;,&quot;_animation_delay&quot;:400}\" data-widget_type=\"heading.default\">\n\t\t\t\t<div class=\"elementor-widget-container\">\n\t\t\t<h2 class=\"elementor-heading-title elementor-size-default\">A Nossa Hist\u00f3ria<\/h2>\t\t<\/div>\n\t\t\t\t<\/div>\n\t\t\t\t<div class=\"elementor-element elementor-element-d42e25e elementor-widget elementor-widget-spacer\" data-id=\"d42e25e\" data-element_type=\"widget\" data-widget_type=\"spacer.default\">\n\t\t\t\t<div class=\"elementor-widget-container\">\n\t\t\t\t\t<div class=\"elementor-spacer\">\n\t\t\t<div class=\"elementor-spacer-inner\"><\/div>\n\t\t<\/div>\n\t\t\t\t<\/div>\n\t\t\t\t<\/div>\n\t\t\t\t<div class=\"elementor-element elementor-element-30db35c elementor-invisible elementor-widget elementor-widget-text-editor\" data-id=\"30db35c\" data-element_type=\"widget\" data-settings=\"{&quot;_animation&quot;:&quot;fadeInUp&quot;}\" data-widget_type=\"text-editor.default\">\n\t\t\t\t<div class=\"elementor-widget-container\">\n\t\t\t\t\t\t\t<p>&#8220;A LOJA das MUDAN\u00c7AS ao longo da sua hist\u00f3ria revelou-se uma empresa altamente organizada e competitiva, o que pode ser facilmente comprovado no apre\u00e7o que os seus clientes t\u00eam vindo a demonstrar gra\u00e7as aos bons servi\u00e7os prestados. Desde o in\u00edcio das atividades da LOJA das MUDAN\u00c7AS, o elevado n\u00edvel de satisfa\u00e7\u00e3o dos estimados clientes tem sido a principal raz\u00e3o de orgulho.<\/p><p>Empenhada em apostar na constante forma\u00e7\u00e3o dos seus colaboradores, de forma a melhor poderem cumprir as suas fun\u00e7\u00f5es e objectivos, a LOJA das MUDAN\u00c7AS tem vindo tamb\u00e9m a efectuar investimentos consider\u00e1veis na sua frota, tendo nos \u00faltimos dois anos juntado \u00e0 frota existente oito ve\u00edculos ligeiros, dois ve\u00edculos pesados com plataforma elevat\u00f3ria , tr\u00eas Cami\u00f5es TIR , dois elevadores exteriores e um robot sobe escadas.<\/p><p>Devido ao crescimento verificado no ano de 2005, a LOJA das MUDAN\u00c7AS mudou de instala\u00e7\u00f5es, dispondo agora de armaz\u00e9ns ainda maiores que possam corresponder \u00e0s necessidades de transporte e armazenamento da empresa e dos seus clientes.<\/p><p>A <strong>Loja das Mudan\u00e7as<\/strong> disp\u00f5e actualmente de <strong>capacidade log\u00edstica<\/strong> e <strong>Alvar\u00e1 Internacional<\/strong> que lhe permite actuar com <strong>seguran\u00e7a<\/strong> em todo o <strong>\u00e2mbito Terrestre<\/strong>.&#8221;<\/p>\t\t\t\t\t\t<\/div>\n\t\t\t\t<\/div>\n\t\t\t\t<div class=\"elementor-element elementor-element-b372d6a elementor-widget elementor-widget-spacer\" data-id=\"b372d6a\" data-element_type=\"widget\" data-widget_type=\"spacer.default\">\n\t\t\t\t<div class=\"elementor-widget-container\">\n\t\t\t\t\t<div class=\"elementor-spacer\">\n\t\t\t<div class=\"elementor-spacer-inner\"><\/div>\n\t\t<\/div>\n\t\t\t\t<\/div>\n\t\t\t\t<\/div>\n\t\t\t\t\t<\/div>\n\t\t<\/div>\n\t\t\t\t\t<\/div>\n\t\t<\/section>\n\t\t\t\t<section class=\"elementor-section elementor-top-section elementor-element elementor-element-0ad073f elementor-section-boxed elementor-section-height-default elementor-section-height-default\" data-id=\"0ad073f\" data-element_type=\"section\" data-settings=\"{&quot;background_background&quot;:&quot;classic&quot;,&quot;shape_divider_top&quot;:&quot;curve&quot;,&quot;shape_divider_top_negative&quot;:&quot;yes&quot;}\">\n\t\t\t\t\t<div class=\"elementor-shape elementor-shape-top\" data-negative=\"true\">\n\t\t\t<svg xmlns=\"http:\/\/www.w3.org\/2000\/svg\" viewBox=\"0 0 1000 100\" preserveAspectRatio=\"none\">\n\t<path class=\"elementor-shape-fill\" d=\"M500,97C126.7,96.3,0.8,19.8,0,0v100l1000,0V1C1000,19.4,873.3,97.8,500,97z\"\/>\n<\/svg>\t\t<\/div>\n\t\t\t\t\t<div class=\"elementor-container elementor-column-gap-default\">\n\t\t\t\t\t<div class=\"elementor-column elementor-col-100 elementor-top-column elementor-element elementor-element-9ac5c2c\" data-id=\"9ac5c2c\" data-element_type=\"column\">\n\t\t\t<div class=\"elementor-widget-wrap elementor-element-populated\">\n\t\t\t\t\t\t<section class=\"elementor-section elementor-inner-section elementor-element elementor-element-0e165b3 elementor-section-content-middle elementor-section-full_width elementor-section-height-default elementor-section-height-default\" data-id=\"0e165b3\" data-element_type=\"section\" data-settings=\"{&quot;background_background&quot;:&quot;classic&quot;}\">\n\t\t\t\t\t\t<div class=\"elementor-container elementor-column-gap-default\">\n\t\t\t\t\t<div class=\"elementor-column elementor-col-50 elementor-inner-column elementor-element elementor-element-3a2a6aa\" data-id=\"3a2a6aa\" data-element_type=\"column\">\n\t\t\t<div class=\"elementor-widget-wrap elementor-element-populated\">\n\t\t\t\t\t\t<div class=\"elementor-element elementor-element-59a2d6d elementor-invisible elementor-widget elementor-widget-image\" data-id=\"59a2d6d\" data-element_type=\"widget\" data-settings=\"{&quot;_animation&quot;:&quot;fadeInUp&quot;}\" data-widget_type=\"image.default\">\n\t\t\t\t<div class=\"elementor-widget-container\">\n\t\t\t\t\t\t\t\t\t\t\t\t\t<img fetchpriority=\"high\" decoding=\"async\" width=\"576\" height=\"649\" src=\"https:\/\/lojadasmudancas.com\/wp-content\/uploads\/2014\/04\/Path.png\" class=\"attachment-large size-large wp-image-5544\" alt=\"Loja das Mudan\u00e7as\" srcset=\"https:\/\/lojadasmudancas.com\/wp-content\/uploads\/2014\/04\/Path.png 576w, https:\/\/lojadasmudancas.com\/wp-content\/uploads\/2014\/04\/Path-266x300.png 266w, https:\/\/lojadasmudancas.com\/wp-content\/uploads\/2014\/04\/Path-18x20.png 18w, https:\/\/lojadasmudancas.com\/wp-content\/uploads\/2014\/04\/Path-178x200.png 178w\" sizes=\"(max-width: 576px) 100vw, 576px\" \/>\t\t\t\t\t\t\t\t\t\t\t\t\t<\/div>\n\t\t\t\t<\/div>\n\t\t\t\t\t<\/div>\n\t\t<\/div>\n\t\t\t\t<div class=\"elementor-column elementor-col-50 elementor-inner-column elementor-element elementor-element-63fda40\" data-id=\"63fda40\" data-element_type=\"column\">\n\t\t\t<div class=\"elementor-widget-wrap elementor-element-populated\">\n\t\t\t\t\t\t<div class=\"elementor-element elementor-element-6189f4b animated-slow elementor-invisible elementor-widget elementor-widget-iconbox\" data-id=\"6189f4b\" data-element_type=\"widget\" data-settings=\"{&quot;_animation&quot;:&quot;fadeIn&quot;}\" data-widget_type=\"iconbox.default\">\n\t\t\t\t<div class=\"elementor-widget-container\">\n\t\t\t<article class=\"wn-icon-box   icon-box1   \"  ><img decoding=\"async\" src=\"https:\/\/lojadasmudancas.com\/wp-content\/uploads\/2015\/07\/paperaero_w.png\" alt=\"Solu\u00e7\u00f5es Flexiveis\" \/><h4 class=\"title-style\">Solu\u00e7\u00f5es Flexiveis<\/h4><p class=\"content-style\">A Loja das Mudan\u00e7as \u00e9 uma empresa, cujas suas \u00e1reas de interven\u00e7\u00e3o s\u00e3o: Transportes, Mudan\u00e7as e Armazenamento<\/p><\/article>\t\t<\/div>\n\t\t\t\t<\/div>\n\t\t\t\t<div class=\"elementor-element elementor-element-5c27f8b elementor-widget elementor-widget-line\" data-id=\"5c27f8b\" data-element_type=\"widget\" data-widget_type=\"line.default\">\n\t\t\t\t<div class=\"elementor-widget-container\">\n\t\t\t<hr class=\"\"  >\t\t<\/div>\n\t\t\t\t<\/div>\n\t\t\t\t<div class=\"elementor-element elementor-element-8bf2ad6 elementor-invisible elementor-widget elementor-widget-iconbox\" data-id=\"8bf2ad6\" data-element_type=\"widget\" data-settings=\"{&quot;_animation&quot;:&quot;fadeIn&quot;}\" data-widget_type=\"iconbox.default\">\n\t\t\t\t<div class=\"elementor-widget-container\">\n\t\t\t<article class=\"wn-icon-box   icon-box1   \"  ><img decoding=\"async\" src=\"https:\/\/lojadasmudancas.com\/wp-content\/uploads\/2014\/09\/Layer-4051.png\" alt=\"Atendimento Personalizado\" \/><h4 class=\"title-style\">Atendimento Personalizado<\/h4><p class=\"content-style\">Com presta\u00e7\u00e3o de servi\u00e7os empresarial e particular, dispomos de meios t\u00e9cnicos mais elevados para satisfazer as necessidades dos nossos clientes<\/p><\/article>\t\t<\/div>\n\t\t\t\t<\/div>\n\t\t\t\t<div class=\"elementor-element elementor-element-459dbb2 elementor-widget elementor-widget-line\" data-id=\"459dbb2\" data-element_type=\"widget\" data-widget_type=\"line.default\">\n\t\t\t\t<div class=\"elementor-widget-container\">\n\t\t\t<hr class=\"\"  >\t\t<\/div>\n\t\t\t\t<\/div>\n\t\t\t\t<div class=\"elementor-element elementor-element-5807a72 animated-fast elementor-invisible elementor-widget elementor-widget-iconbox\" data-id=\"5807a72\" data-element_type=\"widget\" data-settings=\"{&quot;_animation&quot;:&quot;fadeIn&quot;}\" data-widget_type=\"iconbox.default\">\n\t\t\t\t<div class=\"elementor-widget-container\">\n\t\t\t<article class=\"wn-icon-box   icon-box1   \"  ><img decoding=\"async\" src=\"https:\/\/lojadasmudancas.com\/wp-content\/uploads\/2014\/04\/Layer-440.png\" alt=\"Mudan\u00e7as Internacionais\" \/><h4 class=\"title-style\">Mudan\u00e7as Internacionais<\/h4><p class=\"content-style\">Entregamos qualquer tipo de mercadoria em 24 Horas em todo o territ\u00f3rio nacional e 48 Horas em toda a Europa<\/p><\/article>\t\t<\/div>\n\t\t\t\t<\/div>\n\t\t\t\t\t<\/div>\n\t\t<\/div>\n\t\t\t\t\t<\/div>\n\t\t<\/section>\n\t\t\t\t\t<\/div>\n\t\t<\/div>\n\t\t\t\t\t<\/div>\n\t\t<\/section>\n\t\t\t\t<\/div>\n\t\t","protected":false},"excerpt":{"rendered":"<p>Quem Somos Loja das Mudan\u00e7as Multi-Service A Nossa Hist\u00f3ria &#8220;A LOJA das MUDAN\u00c7AS ao longo da sua hist\u00f3ria revelou-se uma empresa altamente organizada e competitiva, o que pode ser facilmente comprovado no apre\u00e7o que os seus clientes t\u00eam vindo a demonstrar gra\u00e7as aos bons servi\u00e7os prestados. Desde o in\u00edcio das atividades da LOJA das MUDAN\u00c7AS, o elevado n\u00edvel de satisfa\u00e7\u00e3o dos estimados clientes tem sido a principal raz\u00e3o de orgulho. Empenhada em apostar na constante forma\u00e7\u00e3o dos seus colaboradores, de forma a melhor poderem cumprir as suas fun\u00e7\u00f5es e objectivos, a LOJA das MUDAN\u00c7AS tem vindo tamb\u00e9m a efectuar investimentos consider\u00e1veis na sua frota, tendo nos \u00faltimos dois anos juntado \u00e0 frota existente oito ve\u00edculos ligeiros, dois ve\u00edculos pesados com plataforma elevat\u00f3ria , tr\u00eas Cami\u00f5es TIR , dois elevadores exteriores e um robot sobe escadas. Devido ao crescimento verificado no ano de 2005, a LOJA das MUDAN\u00c7AS mudou de instala\u00e7\u00f5es, dispondo agora de armaz\u00e9ns ainda maiores que possam corresponder \u00e0s necessidades de transporte e armazenamento da empresa e dos seus clientes. A Loja das Mudan\u00e7as disp\u00f5e actualmente de capacidade log\u00edstica e Alvar\u00e1 Internacional que lhe permite actuar com seguran\u00e7a em todo o \u00e2mbito Terrestre.&#8221; Solu\u00e7\u00f5es Flexiveis A Loja das Mudan\u00e7as \u00e9 uma empresa, cujas suas \u00e1reas de interven\u00e7\u00e3o s\u00e3o: Transportes, Mudan\u00e7as e Armazenamento Atendimento Personalizado Com presta\u00e7\u00e3o de servi\u00e7os empresarial e particular, dispomos de meios t\u00e9cnicos mais elevados para satisfazer as necessidades dos nossos clientes Mudan\u00e7as Internacionais Entregamos qualquer tipo de mercadoria em 24 Horas em todo o territ\u00f3rio nacional e 48 Horas em toda a Europa<\/p>","protected":false},"author":1,"featured_media":0,"parent":0,"menu_order":0,"comment_status":"closed","ping_status":"closed","template":"","meta":{"inline_featured_image":false,"footnotes":""},"class_list":["post-11168","page","type-page","status-publish","hentry"],"aioseo_notices":[],"_links":{"self":[{"href":"https:\/\/lojadasmudancas.com\/en\/wp-json\/wp\/v2\/pages\/11168","targetHints":{"allow":["GET"]}}],"collection":[{"href":"https:\/\/lojadasmudancas.com\/en\/wp-json\/wp\/v2\/pages"}],"about":[{"href":"https:\/\/lojadasmudancas.com\/en\/wp-json\/wp\/v2\/types\/page"}],"author":[{"embeddable":true,"href":"https:\/\/lojadasmudancas.com\/en\/wp-json\/wp\/v2\/users\/1"}],"replies":[{"embeddable":true,"href":"https:\/\/lojadasmudancas.com\/en\/wp-json\/wp\/v2\/comments?post=11168"}],"version-history":[{"count":0,"href":"https:\/\/lojadasmudancas.com\/en\/wp-json\/wp\/v2\/pages\/11168\/revisions"}],"wp:attachment":[{"href":"https:\/\/lojadasmudancas.com\/en\/wp-json\/wp\/v2\/media?parent=11168"}],"curies":[{"name":"wp","href":"https:\/\/api.w.org\/{rel}","templated":true}]}}